{"id":10970,"date":"2025-09-25T12:22:49","date_gmt":"2025-09-25T12:22:49","guid":{"rendered":"https:\/\/fontanarossa.do\/?page_id=10970"},"modified":"2025-10-01T08:47:25","modified_gmt":"2025-10-01T08:47:25","slug":"story","status":"publish","type":"page","link":"https:\/\/fontanarossa.do\/en\/story\/","title":{"rendered":"story"},"content":{"rendered":"\t\t<div data-elementor-type=\"wp-page\" data-elementor-id=\"10970\" class=\"elementor elementor-10970\" data-elementor-post-type=\"page\">\n\t\t\t\t\t\t<section class=\"elementor-section elementor-top-section elementor-element elementor-element-33b8d9f elementor-section-full_width qodef-elementor-content-grid elementor-section-height-min-height elementor-section-items-bottom elementor-section-height-default elementor-invisible\" data-id=\"33b8d9f\" data-element_type=\"section\" data-settings=\"{&quot;background_background&quot;:&quot;classic&quot;,&quot;animation&quot;:&quot;fadeIn&quot;}\">\n\t\t\t\t\t\t<div class=\"elementor-container elementor-column-gap-default\">\n\t\t\t\t\t<div class=\"elementor-column elementor-col-50 elementor-top-column elementor-element elementor-element-017a67f\" data-id=\"017a67f\" data-element_type=\"column\">\n\t\t\t<div class=\"elementor-widget-wrap elementor-element-populated\">\n\t\t\t\t\t\t<div class=\"elementor-element elementor-element-c4452d5 elementor-widget elementor-widget-dunker_core_section_title\" data-id=\"c4452d5\" data-element_type=\"widget\" data-widget_type=\"dunker_core_section_title.default\">\n\t\t\t\t<div class=\"elementor-widget-container\">\n\t\t\t\t\t<div class=\"qodef-shortcode qodef-m  qodef-section-title qodef-alignment--left \">\n\t    <p class=\"qodef-m-subtitle\" >Prologue<\/p>\r\n\t\t<h2 class=\"qodef-m-title\" style=\"color: #FF4D87\">\n\t\t\t\t\tThe story begins on the ocean\u2026\t\t\t<\/h2>\n\t\t<p class=\"qodef-m-text\" style=\"font-size: 24px\">no maps, no GPS, just courage!\nAnd so, between the waves and the dreams, a legend was born \u2014 and with it, our vodka.<\/p>\n<\/div>\n\t\t\t\t<\/div>\n\t\t\t\t<\/div>\n\t\t\t\t\t<\/div>\n\t\t<\/div>\n\t\t\t\t<div class=\"elementor-column elementor-col-50 elementor-top-column elementor-element elementor-element-93d6d9f\" data-id=\"93d6d9f\" data-element_type=\"column\">\n\t\t\t<div class=\"elementor-widget-wrap elementor-element-populated\">\n\t\t\t\t\t\t<div class=\"elementor-element elementor-element-69e52b9 elementor-absolute elementor-widget elementor-widget-image\" data-id=\"69e52b9\" data-element_type=\"widget\" data-settings=\"{&quot;_position&quot;:&quot;absolute&quot;,&quot;motion_fx_motion_fx_scrolling&quot;:&quot;yes&quot;,&quot;motion_fx_translateX_effect&quot;:&quot;yes&quot;,&quot;motion_fx_translateY_effect&quot;:&quot;yes&quot;,&quot;motion_fx_translateY_speed&quot;:{&quot;unit&quot;:&quot;px&quot;,&quot;size&quot;:0,&quot;sizes&quot;:[]},&quot;motion_fx_translateY_affectedRange&quot;:{&quot;unit&quot;:&quot;%&quot;,&quot;size&quot;:&quot;&quot;,&quot;sizes&quot;:{&quot;start&quot;:0,&quot;end&quot;:100}},&quot;motion_fx_translateX_speed&quot;:{&quot;unit&quot;:&quot;px&quot;,&quot;size&quot;:4,&quot;sizes&quot;:[]},&quot;motion_fx_translateX_affectedRange&quot;:{&quot;unit&quot;:&quot;%&quot;,&quot;size&quot;:&quot;&quot;,&quot;sizes&quot;:{&quot;start&quot;:0,&quot;end&quot;:100}},&quot;motion_fx_devices&quot;:[&quot;desktop&quot;,&quot;tablet&quot;,&quot;mobile&quot;]}\" data-widget_type=\"image.default\">\n\t\t\t\t<div class=\"elementor-widget-container\">\n\t\t\t\t\t\t\t\t\t\t\t\t\t\t\t<img fetchpriority=\"high\" decoding=\"async\" width=\"486\" height=\"564\" src=\"https:\/\/fontanarossa.do\/wp-content\/uploads\/2025\/09\/santa-maria.png\" class=\"attachment-large size-large wp-image-10995\" alt=\"\" srcset=\"https:\/\/fontanarossa.do\/wp-content\/uploads\/2025\/09\/santa-maria.png 486w, https:\/\/fontanarossa.do\/wp-content\/uploads\/2025\/09\/santa-maria-259x300.png 259w, https:\/\/fontanarossa.do\/wp-content\/uploads\/2025\/09\/santa-maria-10x12.png 10w\" sizes=\"(max-width: 486px) 100vw, 486px\" \/>\t\t\t\t\t\t\t\t\t\t\t\t\t\t\t<\/div>\n\t\t\t\t<\/div>\n\t\t\t\t\t<\/div>\n\t\t<\/div>\n\t\t\t\t\t<\/div>\n\t\t<\/section>\n\t\t\t\t<section class=\"elementor-section elementor-top-section elementor-element elementor-element-bf6ad57 elementor-section-full_width elementor-section-height-min-height elementor-section-height-default elementor-section-items-middle elementor-invisible\" data-id=\"bf6ad57\" data-element_type=\"section\" data-settings=\"{&quot;animation&quot;:&quot;fadeIn&quot;}\">\n\t\t\t\t\t\t<div class=\"elementor-container elementor-column-gap-default\">\n\t\t\t\t\t<div class=\"elementor-column elementor-col-50 elementor-top-column elementor-element elementor-element-657fb3d\" data-id=\"657fb3d\" data-element_type=\"column\" data-settings=\"{&quot;background_background&quot;:&quot;classic&quot;}\">\n\t\t\t<div class=\"elementor-widget-wrap elementor-element-populated\">\n\t\t\t\t\t\t<div class=\"elementor-element elementor-element-0ed355a elementor-widget elementor-widget-spacer\" data-id=\"0ed355a\" data-element_type=\"widget\" data-widget_type=\"spacer.default\">\n\t\t\t\t<div class=\"elementor-widget-container\">\n\t\t\t\t\t\t\t<div class=\"elementor-spacer\">\n\t\t\t<div class=\"elementor-spacer-inner\"><\/div>\n\t\t<\/div>\n\t\t\t\t\t\t<\/div>\n\t\t\t\t<\/div>\n\t\t\t\t<div class=\"elementor-element elementor-element-a180c02 elementor-absolute elementor-widget elementor-widget-dunker_core_single_image\" data-id=\"a180c02\" data-element_type=\"widget\" data-settings=\"{&quot;_position&quot;:&quot;absolute&quot;}\" data-widget_type=\"dunker_core_single_image.default\">\n\t\t\t\t<div class=\"elementor-widget-container\">\n\t\t\t\t\t<div class=\"qodef-shortcode qodef-m  qodef-single-image qodef-layout--default  \">\n\t\t\t<div class=\"qodef-m-image\">\n\t\t\t\t\t\t\t\t<img decoding=\"async\" width=\"1024\" height=\"403\" src=\"https:\/\/fontanarossa.do\/wp-content\/uploads\/2025\/09\/waves.png\" class=\"attachment-full size-full\" alt=\"\" srcset=\"https:\/\/fontanarossa.do\/wp-content\/uploads\/2025\/09\/waves.png 1024w, https:\/\/fontanarossa.do\/wp-content\/uploads\/2025\/09\/waves-300x118.png 300w, https:\/\/fontanarossa.do\/wp-content\/uploads\/2025\/09\/waves-768x302.png 768w, https:\/\/fontanarossa.do\/wp-content\/uploads\/2025\/09\/waves-18x7.png 18w, https:\/\/fontanarossa.do\/wp-content\/uploads\/2025\/09\/waves-600x236.png 600w\" sizes=\"(max-width: 1024px) 100vw, 1024px\" \/>\t\t\t\t\t\t\t<\/div>\n\t<\/div>\n\t\t\t\t<\/div>\n\t\t\t\t<\/div>\n\t\t\t\t\t<\/div>\n\t\t<\/div>\n\t\t\t\t<div class=\"elementor-column elementor-col-50 elementor-top-column elementor-element elementor-element-c09f6b5\" data-id=\"c09f6b5\" data-element_type=\"column\" data-settings=\"{&quot;background_background&quot;:&quot;classic&quot;}\">\n\t\t\t<div class=\"elementor-widget-wrap elementor-element-populated\">\n\t\t\t\t\t\t<div class=\"elementor-element elementor-element-c18d681 elementor-widget elementor-widget-dunker_core_section_title\" data-id=\"c18d681\" data-element_type=\"widget\" data-widget_type=\"dunker_core_section_title.default\">\n\t\t\t\t<div class=\"elementor-widget-container\">\n\t\t\t\t\t<div class=\"qodef-shortcode qodef-m  qodef-section-title qodef-alignment--left \">\n\t    <p class=\"qodef-m-subtitle\" >Great journey<\/p>\r\n\t\t<h2 class=\"qodef-m-title\" style=\"color: #FF4D87\">\n\t\t\t\t\tColumbus rode the wave\t\t\t<\/h2>\n\t\t<p class=\"qodef-m-text\" style=\"font-size: 24px\">He wasn&#039;t sure if he&#039;d find land or just another wave. We know one thing: the waves brought Fontanarossa.<\/p>\n<\/div>\n\t\t\t\t<\/div>\n\t\t\t\t<\/div>\n\t\t\t\t\t<\/div>\n\t\t<\/div>\n\t\t\t\t\t<\/div>\n\t\t<\/section>\n\t\t\t\t<section class=\"elementor-section elementor-top-section elementor-element elementor-element-27b4ea4 elementor-section-full_width elementor-section-height-min-height elementor-section-height-default elementor-section-items-middle elementor-invisible\" data-id=\"27b4ea4\" data-element_type=\"section\" data-settings=\"{&quot;animation&quot;:&quot;fadeIn&quot;}\">\n\t\t\t\t\t\t<div class=\"elementor-container elementor-column-gap-default\">\n\t\t\t\t\t<div class=\"elementor-column elementor-col-50 elementor-top-column elementor-element elementor-element-19566a3 order-2 order-md-1 order-lg-1\" data-id=\"19566a3\" data-element_type=\"column\" data-settings=\"{&quot;background_background&quot;:&quot;classic&quot;}\">\n\t\t\t<div class=\"elementor-widget-wrap elementor-element-populated\">\n\t\t\t\t\t\t<div class=\"elementor-element elementor-element-a7dcf59 elementor-widget elementor-widget-dunker_core_section_title\" data-id=\"a7dcf59\" data-element_type=\"widget\" data-widget_type=\"dunker_core_section_title.default\">\n\t\t\t\t<div class=\"elementor-widget-container\">\n\t\t\t\t\t<div class=\"qodef-shortcode qodef-m  qodef-section-title qodef-alignment--left \">\n\t    <p class=\"qodef-m-subtitle\" >Guardian Spirit<\/p>\r\n\t\t<h2 class=\"qodef-m-title\" style=\"color: #FF4D87\">\n\t\t\t\t\t\"Drink only pure water!\"\t\t\t<\/h2>\n\t\t<p class=\"qodef-m-text\" style=\"font-size: 24px\">Columbus\u2019s mother \u2014 her name was Susanna Fontanarossa \u2014 always told him: \u2018Only drink pure water!\u2019 And here we are \u2014 mountain water gave us pure vodka.<\/p>\n<\/div>\n\t\t\t\t<\/div>\n\t\t\t\t<\/div>\n\t\t\t\t\t<\/div>\n\t\t<\/div>\n\t\t\t\t<div class=\"elementor-column elementor-col-50 elementor-top-column elementor-element elementor-element-74717bc order-1 order-md-2 order-lg-2\" data-id=\"74717bc\" data-element_type=\"column\" data-settings=\"{&quot;background_background&quot;:&quot;classic&quot;}\">\n\t\t\t<div class=\"elementor-widget-wrap elementor-element-populated\">\n\t\t\t\t\t\t<div class=\"elementor-element elementor-element-743c3e4 elementor-widget elementor-widget-spacer\" data-id=\"743c3e4\" data-element_type=\"widget\" data-widget_type=\"spacer.default\">\n\t\t\t\t<div class=\"elementor-widget-container\">\n\t\t\t\t\t\t\t<div class=\"elementor-spacer\">\n\t\t\t<div class=\"elementor-spacer-inner\"><\/div>\n\t\t<\/div>\n\t\t\t\t\t\t<\/div>\n\t\t\t\t<\/div>\n\t\t\t\t\t<\/div>\n\t\t<\/div>\n\t\t\t\t\t<\/div>\n\t\t<\/section>\n\t\t\t\t<section class=\"elementor-section elementor-top-section elementor-element elementor-element-0286a78 elementor-section-full_width qodef-elementor-content-grid elementor-section-height-min-height elementor-section-height-default elementor-section-items-middle elementor-invisible\" data-id=\"0286a78\" data-element_type=\"section\" data-settings=\"{&quot;background_background&quot;:&quot;classic&quot;,&quot;animation&quot;:&quot;fadeIn&quot;}\">\n\t\t\t\t\t\t<div class=\"elementor-container elementor-column-gap-default\">\n\t\t\t\t\t<div class=\"elementor-column elementor-col-50 elementor-top-column elementor-element elementor-element-eabfd75\" data-id=\"eabfd75\" data-element_type=\"column\">\n\t\t\t<div class=\"elementor-widget-wrap elementor-element-populated\">\n\t\t\t\t\t\t<div class=\"elementor-element elementor-element-aee56f8 elementor-absolute elementor-widget elementor-widget-image\" data-id=\"aee56f8\" data-element_type=\"widget\" data-settings=\"{&quot;_position&quot;:&quot;absolute&quot;,&quot;motion_fx_motion_fx_scrolling&quot;:&quot;yes&quot;,&quot;motion_fx_translateX_effect&quot;:&quot;yes&quot;,&quot;motion_fx_translateX_speed&quot;:{&quot;unit&quot;:&quot;px&quot;,&quot;size&quot;:0,&quot;sizes&quot;:[]},&quot;motion_fx_translateY_effect&quot;:&quot;yes&quot;,&quot;motion_fx_translateX_direction&quot;:&quot;negative&quot;,&quot;motion_fx_scale_effect&quot;:&quot;yes&quot;,&quot;motion_fx_scale_speed&quot;:{&quot;unit&quot;:&quot;px&quot;,&quot;size&quot;:3,&quot;sizes&quot;:[]},&quot;motion_fx_translateY_speed&quot;:{&quot;unit&quot;:&quot;px&quot;,&quot;size&quot;:2,&quot;sizes&quot;:[]},&quot;motion_fx_translateY_affectedRange&quot;:{&quot;unit&quot;:&quot;%&quot;,&quot;size&quot;:&quot;&quot;,&quot;sizes&quot;:{&quot;start&quot;:0,&quot;end&quot;:100}},&quot;motion_fx_translateX_affectedRange&quot;:{&quot;unit&quot;:&quot;%&quot;,&quot;size&quot;:&quot;&quot;,&quot;sizes&quot;:{&quot;start&quot;:0,&quot;end&quot;:100}},&quot;motion_fx_scale_direction&quot;:&quot;out-in&quot;,&quot;motion_fx_scale_range&quot;:{&quot;unit&quot;:&quot;%&quot;,&quot;size&quot;:&quot;&quot;,&quot;sizes&quot;:{&quot;start&quot;:20,&quot;end&quot;:80}},&quot;motion_fx_devices&quot;:[&quot;desktop&quot;,&quot;tablet&quot;,&quot;mobile&quot;]}\" data-widget_type=\"image.default\">\n\t\t\t\t<div class=\"elementor-widget-container\">\n\t\t\t\t\t\t\t\t\t\t\t\t\t\t\t<img decoding=\"async\" width=\"379\" height=\"404\" src=\"https:\/\/fontanarossa.do\/wp-content\/uploads\/2025\/09\/funny-sun.png\" class=\"attachment-large size-large wp-image-11118\" alt=\"\" srcset=\"https:\/\/fontanarossa.do\/wp-content\/uploads\/2025\/09\/funny-sun.png 379w, https:\/\/fontanarossa.do\/wp-content\/uploads\/2025\/09\/funny-sun-281x300.png 281w, https:\/\/fontanarossa.do\/wp-content\/uploads\/2025\/09\/funny-sun-11x12.png 11w\" sizes=\"(max-width: 379px) 100vw, 379px\" \/>\t\t\t\t\t\t\t\t\t\t\t\t\t\t\t<\/div>\n\t\t\t\t<\/div>\n\t\t\t\t<div class=\"elementor-element elementor-element-9f1212e elementor-absolute elementor-widget elementor-widget-image\" data-id=\"9f1212e\" data-element_type=\"widget\" data-settings=\"{&quot;_position&quot;:&quot;absolute&quot;,&quot;motion_fx_motion_fx_scrolling&quot;:&quot;yes&quot;,&quot;motion_fx_translateX_effect&quot;:&quot;yes&quot;,&quot;motion_fx_translateX_speed&quot;:{&quot;unit&quot;:&quot;px&quot;,&quot;size&quot;:0.1,&quot;sizes&quot;:[]},&quot;motion_fx_translateY_effect&quot;:&quot;yes&quot;,&quot;motion_fx_translateY_speed&quot;:{&quot;unit&quot;:&quot;px&quot;,&quot;size&quot;:0,&quot;sizes&quot;:[]},&quot;motion_fx_translateX_direction&quot;:&quot;negative&quot;,&quot;motion_fx_scale_effect&quot;:&quot;yes&quot;,&quot;motion_fx_scale_speed&quot;:{&quot;unit&quot;:&quot;px&quot;,&quot;size&quot;:2,&quot;sizes&quot;:[]},&quot;motion_fx_translateY_affectedRange&quot;:{&quot;unit&quot;:&quot;%&quot;,&quot;size&quot;:&quot;&quot;,&quot;sizes&quot;:{&quot;start&quot;:0,&quot;end&quot;:100}},&quot;motion_fx_translateX_affectedRange&quot;:{&quot;unit&quot;:&quot;%&quot;,&quot;size&quot;:&quot;&quot;,&quot;sizes&quot;:{&quot;start&quot;:0,&quot;end&quot;:100}},&quot;motion_fx_scale_direction&quot;:&quot;out-in&quot;,&quot;motion_fx_scale_range&quot;:{&quot;unit&quot;:&quot;%&quot;,&quot;size&quot;:&quot;&quot;,&quot;sizes&quot;:{&quot;start&quot;:20,&quot;end&quot;:80}},&quot;motion_fx_devices&quot;:[&quot;desktop&quot;,&quot;tablet&quot;,&quot;mobile&quot;]}\" data-widget_type=\"image.default\">\n\t\t\t\t<div class=\"elementor-widget-container\">\n\t\t\t\t\t\t\t\t\t\t\t\t\t\t\t<img loading=\"lazy\" decoding=\"async\" width=\"1024\" height=\"492\" src=\"https:\/\/fontanarossa.do\/wp-content\/uploads\/2025\/09\/funny-clouds-1024x492.png\" class=\"attachment-large size-large wp-image-11117\" alt=\"\" srcset=\"https:\/\/fontanarossa.do\/wp-content\/uploads\/2025\/09\/funny-clouds-1024x492.png 1024w, https:\/\/fontanarossa.do\/wp-content\/uploads\/2025\/09\/funny-clouds-300x144.png 300w, https:\/\/fontanarossa.do\/wp-content\/uploads\/2025\/09\/funny-clouds-768x369.png 768w, https:\/\/fontanarossa.do\/wp-content\/uploads\/2025\/09\/funny-clouds-1536x739.png 1536w, https:\/\/fontanarossa.do\/wp-content\/uploads\/2025\/09\/funny-clouds-18x9.png 18w, https:\/\/fontanarossa.do\/wp-content\/uploads\/2025\/09\/funny-clouds-600x289.png 600w, https:\/\/fontanarossa.do\/wp-content\/uploads\/2025\/09\/funny-clouds.png 1784w\" sizes=\"(max-width: 1024px) 100vw, 1024px\" \/>\t\t\t\t\t\t\t\t\t\t\t\t\t\t\t<\/div>\n\t\t\t\t<\/div>\n\t\t\t\t<div class=\"elementor-element elementor-element-27ec682 elementor-widget__width-inherit elementor-widget-mobile__width-inherit elementor-widget elementor-widget-image\" data-id=\"27ec682\" data-element_type=\"widget\" data-settings=\"{&quot;motion_fx_motion_fx_scrolling&quot;:&quot;yes&quot;,&quot;motion_fx_translateX_effect&quot;:&quot;yes&quot;,&quot;motion_fx_translateX_speed&quot;:{&quot;unit&quot;:&quot;px&quot;,&quot;size&quot;:2,&quot;sizes&quot;:[]},&quot;motion_fx_translateY_effect&quot;:&quot;yes&quot;,&quot;motion_fx_translateY_speed&quot;:{&quot;unit&quot;:&quot;px&quot;,&quot;size&quot;:0,&quot;sizes&quot;:[]},&quot;motion_fx_translateX_direction&quot;:&quot;negative&quot;,&quot;motion_fx_scale_effect&quot;:&quot;yes&quot;,&quot;motion_fx_devices&quot;:[],&quot;motion_fx_translateY_affectedRange&quot;:{&quot;unit&quot;:&quot;%&quot;,&quot;size&quot;:&quot;&quot;,&quot;sizes&quot;:{&quot;start&quot;:0,&quot;end&quot;:100}},&quot;motion_fx_translateX_affectedRange&quot;:{&quot;unit&quot;:&quot;%&quot;,&quot;size&quot;:&quot;&quot;,&quot;sizes&quot;:{&quot;start&quot;:0,&quot;end&quot;:100}},&quot;motion_fx_scale_direction&quot;:&quot;out-in&quot;,&quot;motion_fx_scale_speed&quot;:{&quot;unit&quot;:&quot;px&quot;,&quot;size&quot;:4,&quot;sizes&quot;:[]},&quot;motion_fx_scale_range&quot;:{&quot;unit&quot;:&quot;%&quot;,&quot;size&quot;:&quot;&quot;,&quot;sizes&quot;:{&quot;start&quot;:20,&quot;end&quot;:80}}}\" data-widget_type=\"image.default\">\n\t\t\t\t<div class=\"elementor-widget-container\">\n\t\t\t\t\t\t\t\t\t\t\t\t\t\t\t<img loading=\"lazy\" decoding=\"async\" width=\"1024\" height=\"886\" src=\"https:\/\/fontanarossa.do\/wp-content\/uploads\/2025\/09\/island-1024x886.png\" class=\"attachment-large size-large wp-image-11184\" alt=\"\" srcset=\"https:\/\/fontanarossa.do\/wp-content\/uploads\/2025\/09\/island-1024x886.png 1024w, https:\/\/fontanarossa.do\/wp-content\/uploads\/2025\/09\/island-300x260.png 300w, https:\/\/fontanarossa.do\/wp-content\/uploads\/2025\/09\/island-768x665.png 768w, https:\/\/fontanarossa.do\/wp-content\/uploads\/2025\/09\/island-1536x1330.png 1536w, https:\/\/fontanarossa.do\/wp-content\/uploads\/2025\/09\/island-14x12.png 14w, https:\/\/fontanarossa.do\/wp-content\/uploads\/2025\/09\/island-600x519.png 600w, https:\/\/fontanarossa.do\/wp-content\/uploads\/2025\/09\/island.png 1689w\" sizes=\"(max-width: 1024px) 100vw, 1024px\" \/>\t\t\t\t\t\t\t\t\t\t\t\t\t\t\t<\/div>\n\t\t\t\t<\/div>\n\t\t\t\t\t<\/div>\n\t\t<\/div>\n\t\t\t\t<div class=\"elementor-column elementor-col-50 elementor-top-column elementor-element elementor-element-55b0ca4\" data-id=\"55b0ca4\" data-element_type=\"column\">\n\t\t\t<div class=\"elementor-widget-wrap elementor-element-populated\">\n\t\t\t\t\t\t<div class=\"elementor-element elementor-element-5b5c3d2 elementor-widget elementor-widget-dunker_core_section_title\" data-id=\"5b5c3d2\" data-element_type=\"widget\" data-widget_type=\"dunker_core_section_title.default\">\n\t\t\t\t<div class=\"elementor-widget-container\">\n\t\t\t\t\t<div class=\"qodef-shortcode qodef-m  qodef-section-title qodef-alignment--left \">\n\t    <p class=\"qodef-m-subtitle\" >GREAT DISCOVER<\/p>\r\n\t\t<h2 class=\"qodef-m-title\" style=\"color: #FF4D87\">\n\t\t\t\t\tDominican Republic \u2013 the heart of fun\t\t\t<\/h2>\n\t\t<p class=\"qodef-m-text\" style=\"font-size: 24px\">\u201cColumbus reached the Caribbean, saw the palm trees and thought: \u2018This place could use a party.\u2019 And he was right \u2013 the Dominican Republic is the heart of fun. We just added the bottle.\u201d<\/p>\n<\/div>\n\t\t\t\t<\/div>\n\t\t\t\t<\/div>\n\t\t\t\t\t<\/div>\n\t\t<\/div>\n\t\t\t\t\t<\/div>\n\t\t<\/section>\n\t\t\t\t<section class=\"elementor-section elementor-top-section elementor-element elementor-element-30a2d89 elementor-section-full_width qodef-elementor-content-grid elementor-section-height-min-height elementor-section-height-default elementor-section-items-middle elementor-invisible\" data-id=\"30a2d89\" data-element_type=\"section\" data-settings=\"{&quot;background_background&quot;:&quot;classic&quot;,&quot;animation&quot;:&quot;fadeIn&quot;}\">\n\t\t\t\t\t\t<div class=\"elementor-container elementor-column-gap-no\">\n\t\t\t\t\t<div class=\"elementor-column elementor-col-100 elementor-top-column elementor-element elementor-element-5bc048a\" data-id=\"5bc048a\" data-element_type=\"column\">\n\t\t\t<div class=\"elementor-widget-wrap elementor-element-populated\">\n\t\t\t\t\t\t<div class=\"elementor-element elementor-element-3ea3198 elementor-widget elementor-widget-html\" data-id=\"3ea3198\" data-element_type=\"widget\" data-widget_type=\"html.default\">\n\t\t\t\t<div class=\"elementor-widget-container\">\n\t\t\t\t\t<!DOCTYPE html>\r\n<html lang=\"pl\">\r\n<head>\r\n  <meta charset=\"UTF-8\" \/>\r\n  <title>Animowane logo \u2013 czyste rysowanie<\/title>\r\n  <style>\r\n.logo-wrap { width: var(--logo-size, 320px); margin: auto; }\r\n.logo-wrap svg { width: 100%; height: auto; display:block; }\r\n\r\n\/* grubo\u015b\u0107 2\u00d7 i animacje *\/\r\n.mark-line{\r\n  fill:none; stroke:#ff4d87; stroke-width:15;\r\n  stroke-linecap:round; stroke-linejoin:round;\r\n  stroke-dasharray:100; stroke-dashoffset:100;\r\n}\r\n.fountain-line{ animation-delay:calc(var(--i)*0.18s); }\r\n.fountain-line.vertical{ animation: drawUp 2.2s ease-out infinite; }\r\n.fountain-line.reverse{  animation: drawUpReverse 2.2s ease-out infinite; }\r\n\r\n\/* dolna \u2013 sta\u0142a, bez animacji *\/\r\n.static-base{\r\n  fill:none; stroke:#ff4d87; stroke-width:15;\r\n  stroke-linecap:round; stroke-linejoin:round;\r\n}\r\n\r\n\/* Keyframes \u2013 bez przesuwania *\/\r\n@keyframes drawUp{\r\n  0%{stroke-dashoffset:100;opacity:0}\r\n  20%{opacity:1}\r\n  55%{stroke-dashoffset:0;opacity:1}\r\n  100%{stroke-dashoffset:0;opacity:0}\r\n}\r\n@keyframes drawUpReverse{\r\n  0%{stroke-dashoffset:-100;opacity:0}\r\n  20%{opacity:1}\r\n  55%{stroke-dashoffset:0;opacity:1}\r\n  100%{stroke-dashoffset:0;opacity:0}\r\n}\r\n\r\n\/* Opcjonalnie, by grubo\u015b\u0107 si\u0119 NIE skalowa\u0142a przy zmianie rozmiaru *\/\r\n \/* .mark-line, .static-base{ vector-effect: non-scaling-stroke; } *\/\r\n\r\n@media (prefers-reduced-motion: reduce){\r\n  .mark-line{ animation:none!important; opacity:1; stroke-dashoffset:0; }\r\n}\r\n\r\n  <\/style>\r\n<\/head>\r\n<body>\r\n<div class=\"logo-wrap\" style=\"--logo-size: 120px\">\r\n  <svg viewBox=\"0 0 245.1 269.6\" preserveAspectRatio=\"xMidYMid meet\" aria-label=\"Logo\">\r\n    <!-- 4 krzywe -->\r\n    <path class=\"mark-line fountain-line reverse\" d=\"M9,33.7c28.5,36,79.8,77.4,113.5,228.3\" pathLength=\"100\" style=\"--i:0;\" \/>\r\n    <path class=\"mark-line fountain-line reverse\" d=\"M9,95c28.5,26.3,71.6,59.5,113.5,167\" pathLength=\"100\" style=\"--i:1;\" \/>\r\n    <path class=\"mark-line fountain-line reverse\" d=\"M235.9,95c-28.5,26.3-71.6,59.5-113.5,167\" pathLength=\"100\" style=\"--i:2;\" \/>\r\n    <path class=\"mark-line fountain-line reverse\" d=\"M235.9,33.7c-28.5,36-79.8,77.4-113.5,228.3\" pathLength=\"100\" style=\"--i:3;\" \/>\r\n    <!-- pionowa -->\r\n    <line class=\"mark-line fountain-line vertical\" x1=\"122.5\" y1=\"262\" x2=\"122.5\" y2=\"10\" pathLength=\"100\" style=\"--i:4;\" \/>\r\n    <!-- dolna statyczna -->\r\n    <line class=\"static-base\" x1=\"58.9\" y1=\"262.2\" x2=\"184.4\" y2=\"262.2\" \/>\r\n  <\/svg>\r\n<\/div>\r\n<\/body>\r\n<\/html>\r\n\t\t\t\t<\/div>\n\t\t\t\t<\/div>\n\t\t\t\t<div class=\"elementor-element elementor-element-fb7461f elementor-widget elementor-widget-dunker_core_section_title\" data-id=\"fb7461f\" data-element_type=\"widget\" data-widget_type=\"dunker_core_section_title.default\">\n\t\t\t\t<div class=\"elementor-widget-container\">\n\t\t\t\t\t<div class=\"qodef-shortcode qodef-m  qodef-section-title qodef-alignment--center \">\n\t    <p class=\"qodef-m-subtitle\" style=\"color: #FFFFFF\">SOURCE OF FUN<\/p>\r\n\t\t<h2 class=\"qodef-m-title\" style=\"color: #FFFFFF\">\n\t\t\t\t\tFontanarossa Vodka\t\t\t<\/h2>\n\t\t<p class=\"qodef-m-text\" style=\"font-size: 24px;color: #FFFFFF\">\u201cThus, from the ocean waves, a mother\u2019s care, and the rhythms of the Caribbean, Fontanarossa Vodka was born. A vodka so pure, it makes you want to tell legends\u2026 and even better, drink it with friends.\u201d<\/p>\n<\/div>\n\t\t\t\t<\/div>\n\t\t\t\t<\/div>\n\t\t\t\t\t<\/div>\n\t\t<\/div>\n\t\t\t\t\t<\/div>\n\t\t<\/section>\n\t\t\t\t<\/div>\n\t\t","protected":false},"excerpt":{"rendered":"<p>Prologue The story begins on the ocean\u2026 no maps, no GPS, just courage! And so, between the waves and the dreams, a legend was born \u2014 and with it, our vodka. Great journey Columbus rode the wave He wasn&#039;t sure if he&#039;d find land or just another wave. We know one thing: the waves brought [&hellip;]<\/p>\n","protected":false},"author":1,"featured_media":0,"parent":0,"menu_order":0,"comment_status":"closed","ping_status":"closed","template":"page-full-width.php","meta":{"footnotes":""},"class_list":["post-10970","page","type-page","status-publish","hentry"],"_links":{"self":[{"href":"https:\/\/fontanarossa.do\/en\/wp-json\/wp\/v2\/pages\/10970","targetHints":{"allow":["GET"]}}],"collection":[{"href":"https:\/\/fontanarossa.do\/en\/wp-json\/wp\/v2\/pages"}],"about":[{"href":"https:\/\/fontanarossa.do\/en\/wp-json\/wp\/v2\/types\/page"}],"author":[{"embeddable":true,"href":"https:\/\/fontanarossa.do\/en\/wp-json\/wp\/v2\/users\/1"}],"replies":[{"embeddable":true,"href":"https:\/\/fontanarossa.do\/en\/wp-json\/wp\/v2\/comments?post=10970"}],"version-history":[{"count":238,"href":"https:\/\/fontanarossa.do\/en\/wp-json\/wp\/v2\/pages\/10970\/revisions"}],"predecessor-version":[{"id":11320,"href":"https:\/\/fontanarossa.do\/en\/wp-json\/wp\/v2\/pages\/10970\/revisions\/11320"}],"wp:attachment":[{"href":"https:\/\/fontanarossa.do\/en\/wp-json\/wp\/v2\/media?parent=10970"}],"curies":[{"name":"wp","href":"https:\/\/api.w.org\/{rel}","templated":true}]}}